{"id":396,"date":"2016-11-16T08:50:06","date_gmt":"2016-11-16T08:50:06","guid":{"rendered":"http:\/\/localhost\/architect\/?page_id=396"},"modified":"2026-04-23T08:49:48","modified_gmt":"2026-04-23T12:49:48","slug":"about-us","status":"publish","type":"page","link":"https:\/\/mekotekusa.com\/?page_id=396","title":{"rendered":"About Us"},"content":{"rendered":"<div class=\"wpb-content-wrapper\"><p>[vc_row el_class=&#8221;padding padding-bottom-0&#8243;][vc_column width=&#8221;1\/2&#8243; el_class=&#8221;mgt-res&#8221; woodmart_css_id=&#8221;6648b3aa9d8cd&#8221; parallax_scroll=&#8221;no&#8221; woodmart_sticky_column=&#8221;false&#8221; wd_collapsible_content_switcher=&#8221;no&#8221; wd_column_role_offcanvas_desktop=&#8221;no&#8221; wd_column_role_offcanvas_tablet=&#8221;no&#8221; wd_column_role_offcanvas_mobile=&#8221;no&#8221; wd_column_role_content_desktop=&#8221;no&#8221; wd_column_role_content_tablet=&#8221;no&#8221; wd_column_role_content_mobile=&#8221;no&#8221; mobile_bg_img_hidden=&#8221;no&#8221; tablet_bg_img_hidden=&#8221;no&#8221; woodmart_parallax=&#8221;0&#8243; woodmart_box_shadow=&#8221;no&#8221; responsive_spacing=&#8221;eyJwYXJhbV90eXBlIjoid29vZG1hcnRfcmVzcG9uc2l2ZV9zcGFjaW5nIiwic2VsZWN0b3JfaWQiOiI2NjQ4YjNhYTlkOGNkIiwic2hvcnRjb2RlIjoidmNfY29sdW1uIiwiZGF0YSI6eyJ0YWJsZXQiOnt9LCJtb2JpbGUiOnt9fX0=&#8221; mobile_reset_margin=&#8221;no&#8221; tablet_reset_margin=&#8221;no&#8221; wd_z_index=&#8221;no&#8221;]\n  <h2 style=\"font-weight: 300;margin-top: 0px;margin-bottom: 30px;\" > FIBER LASER TECHNOLOGY<\/h2> \n\n[vc_column_text css=&#8221;.vc_custom_1716040538248{margin-bottom: 10px !important;}&#8221; woodmart_inline=&#8221;no&#8221; text_larger=&#8221;no&#8221;]Mekotek Makine San.ve Tic.A.\u015e. is a company established in 2018. For 15 years operating in Turkey is the organization of Yang Makine. As Yang Makine, it has sold and serviced hundreds of machines in the sector and its activity is still continuing. Mekotek Laser is a company that produces Metal Fiber Laser Cutting Machines. We have been selling and servicing Fiber Laser Cutting Machines in many regions in a very short time. Mekotek is rapidly increasing its production capacity and sales volume. It increases its sales and service network with regional dealerships.<\/p>\n<p>Mekotek Laser R&amp;D and Production produces domestic production Fiber Laser Cutting Machine with very experienced engineers.<\/p>\n<p>Continuously expanding its production capacity and service network, Mekotek Makine has increased its capacity to 12000 m\u00b2 by adding Ankara factory in 2022 to its production network, which started with its 5000 m\u00b2 closed area factory located in Silivri &#8211; Istanbul.<\/p>\n<p>We aim to provide you with faster service and service with our 7000 m\u00b2 closed area factory located at Ba\u015fkent Organize Sanayi Sitesi No: 80 Mal\u0131k\u00f6y Sincan &#8211; ANKARA.<\/p>\n<p>Mekotek Makine has brought innovations to machines by producing different types of high quality Laser Cutting Machines. Our production team has highly experienced employees who are constantly researching. Following the expanding science and technology, efficiency for the customer is reflected as the main feature of our productions. After sales services and spare parts are permanent elements of our responsibilities. Our mission is to offer a framework that efficiently combines our experience and customer demands.<\/p>\n<p>Laser cutting technology is characterized by fast and high cutting quality. With clean and efficient processing, safe and favorable conditions and covering a wide range of cutting materials, visible advantages are achieved in our products.[\/vc_column_text][\/vc_column][vc_column width=&#8221;1\/2&#8243; woodmart_css_id=&#8221;6648b39ec7fbb&#8221; parallax_scroll=&#8221;no&#8221; woodmart_sticky_column=&#8221;false&#8221; wd_collapsible_content_switcher=&#8221;no&#8221; wd_column_role_offcanvas_desktop=&#8221;no&#8221; wd_column_role_offcanvas_tablet=&#8221;no&#8221; wd_column_role_offcanvas_mobile=&#8221;no&#8221; wd_column_role_content_desktop=&#8221;no&#8221; wd_column_role_content_tablet=&#8221;no&#8221; wd_column_role_content_mobile=&#8221;no&#8221; mobile_bg_img_hidden=&#8221;no&#8221; tablet_bg_img_hidden=&#8221;no&#8221; woodmart_parallax=&#8221;0&#8243; woodmart_box_shadow=&#8221;no&#8221; responsive_spacing=&#8221;eyJwYXJhbV90eXBlIjoid29vZG1hcnRfcmVzcG9uc2l2ZV9zcGFjaW5nIiwic2VsZWN0b3JfaWQiOiI2NjQ4YjM5ZWM3ZmJiIiwic2hvcnRjb2RlIjoidmNfY29sdW1uIiwiZGF0YSI6eyJ0YWJsZXQiOnt9LCJtb2JpbGUiOnt9fX0=&#8221; mobile_reset_margin=&#8221;no&#8221; tablet_reset_margin=&#8221;no&#8221; wd_z_index=&#8221;no&#8221;][vc_single_image image=&#8221;1507&#8243; img_size=&#8221;full&#8221; css=&#8221;.vc_custom_1672902764512{margin-bottom: 0px !important;}&#8221;][vc_single_image image=&#8221;1689&#8243; img_size=&#8221;full&#8221; css=&#8221;.vc_custom_1673955059553{margin-bottom: 0px !important;}&#8221;][\/vc_column][\/vc_row]<\/p>\n<\/div>","protected":false},"excerpt":{"rendered":"<p>[vc_row el_class=&#8221;padding padding-bottom-0&#8243;][vc_column width=&#8221;1\/2&#8243; el_class=&#8221;mgt-res&#8221; woodmart_css_id=&#8221;6648b3aa9d8cd&#8221; parallax_scroll=&#8221;no&#8221; woodmart_sticky_column=&#8221;false&#8221; wd_collapsible_content_switcher=&#8221;no&#8221; wd_column_role_offcanvas_desktop=&#8221;no&#8221; wd_column_role_offcanvas_tablet=&#8221;no&#8221; wd_column_role_offcanvas_mobile=&#8221;no&#8221; wd_column_role_content_desktop=&#8221;no&#8221; wd_column_role_content_tablet=&#8221;no&#8221; wd_column_role_content_mobile=&#8221;no&#8221; mobile_bg_img_hidden=&#8221;no&#8221; tablet_bg_img_hidden=&#8221;no&#8221; woodmart_parallax=&#8221;0&#8243; woodmart_box_shadow=&#8221;no&#8221; responsive_spacing=&#8221;eyJwYXJhbV90eXBlIjoid29vZG1hcnRfcmVzcG9uc2l2ZV9zcGFjaW5nIiwic2VsZWN0b3JfaWQiOiI2NjQ4YjNhYTlkOGNkIiwic2hvcnRjb2RlIjoidmNfY29sdW1uIiwiZGF0YSI6eyJ0YWJsZXQiOnt9LCJtb2JpbGUiOnt9fX0=&#8221;<\/p>\n","protected":false},"author":1,"featured_media":0,"parent":0,"menu_order":0,"comment_status":"closed","ping_status":"closed","template":"","meta":{"footnotes":""},"class_list":["post-396","page","type-page","status-publish","hentry"],"yoast_head":"<!-- This site is optimized with the Yoast SEO Premium plugin v19.6 (Yoast SEO v27.4) - https:\/\/yoast.com\/product\/yoast-seo-premium-wordpress\/ -->\n<title>About Us | Mekotek Laser<\/title>\n<meta name=\"robots\" content=\"index, follow, max-snippet:-1, max-image-preview:large, max-video-preview:-1\" \/>\n<link rel=\"canonical\" href=\"https:\/\/mekotekusa.com\/?page_id=396\" \/>\n<meta property=\"og:locale\" content=\"en_US\" \/>\n<meta property=\"og:type\" content=\"article\" \/>\n<meta property=\"og:title\" content=\"About Us | Mekotek Laser\" \/>\n<meta property=\"og:description\" content=\"[vc_row el_class=&#8221;padding padding-bottom-0&#8243;][vc_column width=&#8221;1\/2&#8243; el_class=&#8221;mgt-res&#8221; woodmart_css_id=&#8221;6648b3aa9d8cd&#8221; parallax_scroll=&#8221;no&#8221; woodmart_sticky_column=&#8221;false&#8221; wd_collapsible_content_switcher=&#8221;no&#8221; wd_column_role_offcanvas_desktop=&#8221;no&#8221; wd_column_role_offcanvas_tablet=&#8221;no&#8221; wd_column_role_offcanvas_mobile=&#8221;no&#8221; wd_column_role_content_desktop=&#8221;no&#8221; wd_column_role_content_tablet=&#8221;no&#8221; wd_column_role_content_mobile=&#8221;no&#8221; mobile_bg_img_hidden=&#8221;no&#8221; tablet_bg_img_hidden=&#8221;no&#8221; woodmart_parallax=&#8221;0&#8243; woodmart_box_shadow=&#8221;no&#8221; responsive_spacing=&#8221;eyJwYXJhbV90eXBlIjoid29vZG1hcnRfcmVzcG9uc2l2ZV9zcGFjaW5nIiwic2VsZWN0b3JfaWQiOiI2NjQ4YjNhYTlkOGNkIiwic2hvcnRjb2RlIjoidmNfY29sdW1uIiwiZGF0YSI6eyJ0YWJsZXQiOnt9LCJtb2JpbGUiOnt9fX0=&#8221;\" \/>\n<meta property=\"og:url\" content=\"https:\/\/mekotekusa.com\/?page_id=396\" \/>\n<meta property=\"og:site_name\" content=\"Mekotek Laser\" \/>\n<meta property=\"article:modified_time\" content=\"2026-04-23T12:49:48+00:00\" \/>\n<meta property=\"og:image\" content=\"https:\/\/mekotekusa.com\/wp-content\/uploads\/2024\/05\/mekotek-logo.png\" \/>\n\t<meta property=\"og:image:width\" content=\"488\" \/>\n\t<meta property=\"og:image:height\" content=\"85\" \/>\n\t<meta property=\"og:image:type\" content=\"image\/png\" \/>\n<meta name=\"twitter:card\" content=\"summary_large_image\" \/>\n<meta name=\"twitter:label1\" content=\"Est. reading time\" \/>\n\t<meta name=\"twitter:data1\" content=\"2 minutes\" \/>\n<script type=\"application\/ld+json\" class=\"yoast-schema-graph\">{\"@context\":\"https:\\\/\\\/schema.org\",\"@graph\":[{\"@type\":\"WebPage\",\"@id\":\"https:\\\/\\\/mekotekusa.com\\\/?page_id=396\",\"url\":\"https:\\\/\\\/mekotekusa.com\\\/?page_id=396\",\"name\":\"About Us | Mekotek Laser\",\"isPartOf\":{\"@id\":\"https:\\\/\\\/mekotekusa.com\\\/#website\"},\"datePublished\":\"2016-11-16T08:50:06+00:00\",\"dateModified\":\"2026-04-23T12:49:48+00:00\",\"inLanguage\":\"en-US\",\"potentialAction\":[{\"@type\":\"ReadAction\",\"target\":[\"https:\\\/\\\/mekotekusa.com\\\/?page_id=396\"]}]},{\"@type\":\"WebSite\",\"@id\":\"https:\\\/\\\/mekotekusa.com\\\/#website\",\"url\":\"https:\\\/\\\/mekotekusa.com\\\/\",\"name\":\"Mekotek Laser\",\"description\":\"Fiber Laser Cutting Machines\",\"publisher\":{\"@id\":\"https:\\\/\\\/mekotekusa.com\\\/#organization\"},\"potentialAction\":[{\"@type\":\"SearchAction\",\"target\":{\"@type\":\"EntryPoint\",\"urlTemplate\":\"https:\\\/\\\/mekotekusa.com\\\/?s={search_term_string}\"},\"query-input\":{\"@type\":\"PropertyValueSpecification\",\"valueRequired\":true,\"valueName\":\"search_term_string\"}}],\"inLanguage\":\"en-US\"},{\"@type\":\"Organization\",\"@id\":\"https:\\\/\\\/mekotekusa.com\\\/#organization\",\"name\":\"Mekotek Laser Machine\",\"url\":\"https:\\\/\\\/mekotekusa.com\\\/\",\"logo\":{\"@type\":\"ImageObject\",\"inLanguage\":\"en-US\",\"@id\":\"https:\\\/\\\/mekotekusa.com\\\/#\\\/schema\\\/logo\\\/image\\\/\",\"url\":\"https:\\\/\\\/mekotekusa.com\\\/wp-content\\\/uploads\\\/2023\\\/01\\\/logo.png\",\"contentUrl\":\"https:\\\/\\\/mekotekusa.com\\\/wp-content\\\/uploads\\\/2023\\\/01\\\/logo.png\",\"width\":209,\"height\":31,\"caption\":\"Mekotek Laser Machine\"},\"image\":{\"@id\":\"https:\\\/\\\/mekotekusa.com\\\/#\\\/schema\\\/logo\\\/image\\\/\"}}]}<\/script>\n<!-- \/ Yoast SEO Premium plugin. -->","yoast_head_json":{"title":"About Us | Mekotek Laser","robots":{"index":"index","follow":"follow","max-snippet":"max-snippet:-1","max-image-preview":"max-image-preview:large","max-video-preview":"max-video-preview:-1"},"canonical":"https:\/\/mekotekusa.com\/?page_id=396","og_locale":"en_US","og_type":"article","og_title":"About Us | Mekotek Laser","og_description":"[vc_row el_class=&#8221;padding padding-bottom-0&#8243;][vc_column width=&#8221;1\/2&#8243; el_class=&#8221;mgt-res&#8221; woodmart_css_id=&#8221;6648b3aa9d8cd&#8221; parallax_scroll=&#8221;no&#8221; woodmart_sticky_column=&#8221;false&#8221; wd_collapsible_content_switcher=&#8221;no&#8221; wd_column_role_offcanvas_desktop=&#8221;no&#8221; wd_column_role_offcanvas_tablet=&#8221;no&#8221; wd_column_role_offcanvas_mobile=&#8221;no&#8221; wd_column_role_content_desktop=&#8221;no&#8221; wd_column_role_content_tablet=&#8221;no&#8221; wd_column_role_content_mobile=&#8221;no&#8221; mobile_bg_img_hidden=&#8221;no&#8221; tablet_bg_img_hidden=&#8221;no&#8221; woodmart_parallax=&#8221;0&#8243; woodmart_box_shadow=&#8221;no&#8221; responsive_spacing=&#8221;eyJwYXJhbV90eXBlIjoid29vZG1hcnRfcmVzcG9uc2l2ZV9zcGFjaW5nIiwic2VsZWN0b3JfaWQiOiI2NjQ4YjNhYTlkOGNkIiwic2hvcnRjb2RlIjoidmNfY29sdW1uIiwiZGF0YSI6eyJ0YWJsZXQiOnt9LCJtb2JpbGUiOnt9fX0=&#8221;","og_url":"https:\/\/mekotekusa.com\/?page_id=396","og_site_name":"Mekotek Laser","article_modified_time":"2026-04-23T12:49:48+00:00","og_image":[{"width":488,"height":85,"url":"https:\/\/mekotekusa.com\/wp-content\/uploads\/2024\/05\/mekotek-logo.png","type":"image\/png"}],"twitter_card":"summary_large_image","twitter_misc":{"Est. reading time":"2 minutes"},"schema":{"@context":"https:\/\/schema.org","@graph":[{"@type":"WebPage","@id":"https:\/\/mekotekusa.com\/?page_id=396","url":"https:\/\/mekotekusa.com\/?page_id=396","name":"About Us | Mekotek Laser","isPartOf":{"@id":"https:\/\/mekotekusa.com\/#website"},"datePublished":"2016-11-16T08:50:06+00:00","dateModified":"2026-04-23T12:49:48+00:00","inLanguage":"en-US","potentialAction":[{"@type":"ReadAction","target":["https:\/\/mekotekusa.com\/?page_id=396"]}]},{"@type":"WebSite","@id":"https:\/\/mekotekusa.com\/#website","url":"https:\/\/mekotekusa.com\/","name":"Mekotek Laser","description":"Fiber Laser Cutting Machines","publisher":{"@id":"https:\/\/mekotekusa.com\/#organization"},"potentialAction":[{"@type":"SearchAction","target":{"@type":"EntryPoint","urlTemplate":"https:\/\/mekotekusa.com\/?s={search_term_string}"},"query-input":{"@type":"PropertyValueSpecification","valueRequired":true,"valueName":"search_term_string"}}],"inLanguage":"en-US"},{"@type":"Organization","@id":"https:\/\/mekotekusa.com\/#organization","name":"Mekotek Laser Machine","url":"https:\/\/mekotekusa.com\/","logo":{"@type":"ImageObject","inLanguage":"en-US","@id":"https:\/\/mekotekusa.com\/#\/schema\/logo\/image\/","url":"https:\/\/mekotekusa.com\/wp-content\/uploads\/2023\/01\/logo.png","contentUrl":"https:\/\/mekotekusa.com\/wp-content\/uploads\/2023\/01\/logo.png","width":209,"height":31,"caption":"Mekotek Laser Machine"},"image":{"@id":"https:\/\/mekotekusa.com\/#\/schema\/logo\/image\/"}}]}},"lang":"en","translations":{"en":396},"pll_sync_post":[],"_links":{"self":[{"href":"https:\/\/mekotekusa.com\/index.php?rest_route=\/wp\/v2\/pages\/396","targetHints":{"allow":["GET"]}}],"collection":[{"href":"https:\/\/mekotekusa.com\/index.php?rest_route=\/wp\/v2\/pages"}],"about":[{"href":"https:\/\/mekotekusa.com\/index.php?rest_route=\/wp\/v2\/types\/page"}],"author":[{"embeddable":true,"href":"https:\/\/mekotekusa.com\/index.php?rest_route=\/wp\/v2\/users\/1"}],"replies":[{"embeddable":true,"href":"https:\/\/mekotekusa.com\/index.php?rest_route=%2Fwp%2Fv2%2Fcomments&post=396"}],"version-history":[{"count":1,"href":"https:\/\/mekotekusa.com\/index.php?rest_route=\/wp\/v2\/pages\/396\/revisions"}],"predecessor-version":[{"id":9516,"href":"https:\/\/mekotekusa.com\/index.php?rest_route=\/wp\/v2\/pages\/396\/revisions\/9516"}],"wp:attachment":[{"href":"https:\/\/mekotekusa.com\/index.php?rest_route=%2Fwp%2Fv2%2Fmedia&parent=396"}],"curies":[{"name":"wp","href":"https:\/\/api.w.org\/{rel}","templated":true}]}}